{"id":21197,"date":"2020-09-17T12:07:02","date_gmt":"2020-09-17T07:37:02","guid":{"rendered":"https:\/\/www.kianpetroleum.com\/?page_id=21197"},"modified":"2025-11-18T00:37:35","modified_gmt":"2025-11-17T21:07:35","slug":"hakkimizda","status":"publish","type":"page","link":"https:\/\/www.kianpetroleum.com\/tr\/hakkimizda\/","title":{"rendered":"Hakk\u0131m\u0131zda"},"content":{"rendered":"\t\t<div data-elementor-type=\"wp-page\" data-elementor-id=\"21197\" class=\"elementor elementor-21197 elementor-3184\" data-elementor-post-type=\"page\">\n\t\t\t\t<div class=\"elementor-element elementor-element-1c5d2f3 elementor-hidden-mobile e-flex e-con-boxed e-con e-parent\" data-id=\"1c5d2f3\" data-element_type=\"container\" data-e-type=\"container\" data-settings=\"{&quot;background_background&quot;:&quot;classic&quot;}\">\n\t\t\t\t\t<div class=\"e-con-inner\">\n\t\t\t\t\t<\/div>\n\t\t\t\t<\/div>\n\t\t<div class=\"elementor-element elementor-element-32fe73c e-flex e-con-boxed e-con e-parent\" data-id=\"32fe73c\" data-element_type=\"container\" data-e-type=\"container\" data-settings=\"{&quot;background_background&quot;:&quot;classic&quot;}\">\n\t\t\t\t\t<div class=\"e-con-inner\">\n\t\t<div class=\"elementor-element elementor-element-30bde8a e-con-full e-flex e-con e-child\" data-id=\"30bde8a\" data-element_type=\"container\" data-e-type=\"container\">\n\t\t<div class=\"elementor-element elementor-element-c332aa4 e-con-full e-flex e-con e-child\" data-id=\"c332aa4\" data-element_type=\"container\" data-e-type=\"container\">\n\t\t\t\t<div class=\"elementor-element elementor-element-df51f31 elementor-widget elementor-widget-heading\" data-id=\"df51f31\" data-element_type=\"widget\" data-e-type=\"widget\" data-widget_type=\"heading.default\">\n\t\t\t\t<div class=\"elementor-widget-container\">\n\t\t\t\t\t<h1 class=\"elementor-heading-title elementor-size-default\">Kian Petroleum Hakk\u0131nda<\/h1>\t\t\t\t<\/div>\n\t\t\t\t<\/div>\n\t\t\t\t<\/div>\n\t\t<div class=\"elementor-element elementor-element-6ac2195 e-con-full elementor-hidden-mobile e-flex e-con e-child\" data-id=\"6ac2195\" data-element_type=\"container\" data-e-type=\"container\">\n\t\t\t\t<\/div>\n\t\t\t\t<\/div>\n\t\t\t\t\t<\/div>\n\t\t\t\t<\/div>\n\t\t<div class=\"elementor-element elementor-element-e95e24b e-flex e-con-boxed e-con e-parent\" data-id=\"e95e24b\" data-element_type=\"container\" data-e-type=\"container\" data-settings=\"{&quot;background_background&quot;:&quot;classic&quot;}\">\n\t\t\t\t\t<div class=\"e-con-inner\">\n\t\t<div class=\"elementor-element elementor-element-e13224d e-con-full e-flex e-con e-child\" data-id=\"e13224d\" data-element_type=\"container\" data-e-type=\"container\">\n\t\t\t\t<div class=\"elementor-element elementor-element-8446cd8 elementor-widget__width-initial elementor-widget elementor-widget-text-editor\" data-id=\"8446cd8\" data-element_type=\"widget\" data-e-type=\"widget\" data-widget_type=\"text-editor.default\">\n\t\t\t\t<div class=\"elementor-widget-container\">\n\t\t\t\t\t\t\t\t\t<p style=\"text-align: justify;\">Kian Petroleum Hakk\u0131nda<\/p><p style=\"text-align: justify;\">Kian Petroleum Petrol Hizmetleri \u015eirketi, \u0130ran\u2019\u0131n zengin gaz kaynaklar\u0131ndan ve \u00fclkemizin Asya ve Orta Do\u011fu\u2019daki stratejik konumundan yararlanarak, \u00f6zel sekt\u00f6r yat\u0131r\u0131m\u0131 ile 2018 y\u0131l\u0131nda kurulmu\u015ftur. \u015eirket, LPG (s\u0131v\u0131la\u015ft\u0131r\u0131lm\u0131\u015f petrol gaz\u0131) tedariki ve ihracat\u0131 alan\u0131nda, Ermenistan, Afganistan, Pakistan gibi kom\u015fu \u00fclkelere \u00f6zel ta\u015f\u0131mac\u0131l\u0131k filosu ile hizmet vermektedir.<\/p><p style=\"text-align: justify;\">Ayr\u0131ca, \u0130ran\u2019\u0131n petrol ve gaz kaynaklar\u0131ndan ve stratejik konumundan faydalanarak, butan, izob\u00fctan, pentan ve LPG gibi \u00e7e\u015fitli gaz ve gaz \u00fcr\u00fcnlerini, hem kamu hem de \u00f6zel rafinerilerden do\u011frudan temin etmektedir. Kian Petroleum, kendi \u00f6zel ta\u015f\u0131ma filosu ile hem i\u00e7 pazardaki ihtiya\u00e7lar\u0131 hem de T\u00fcrkiye, Ermenistan, Afganistan ve Pakistan gibi \u00fclkelere ihracat\u0131 kar\u015f\u0131lamaktad\u0131r.<\/p><p style=\"text-align: justify;\">Kian Petroleum, uluslararas\u0131 faaliyetlere odaklanarak, i\u00e7 ve d\u0131\u015f pazarlardaki petrol ve petrokimya \u00fcr\u00fcnlerini \u00fcretip temin etmektedir. Uluslararas\u0131 ticaret departman\u0131n\u0131n \u00f6ne \u00e7\u0131kan faaliyetlerinden biri, petrokimya \u00fcr\u00fcnlerinin ticaretinde dijital pazarlama stratejilerini kullanmakt\u0131r; bu da \u015firketin pazarlama, tedarik ve ticarette g\u00fc\u00e7l\u00fc bir konum elde etmesini sa\u011flamaktad\u0131r.<\/p><p style=\"text-align: justify;\">\u015eirket, \u00f6zel sekt\u00f6r yat\u0131r\u0131m\u0131yla ba\u011f\u0131ms\u0131z ve aktif bir \u015fekilde, petrol ve gaz sanayisinin geli\u015fimine katk\u0131da bulunmay\u0131 hedeflemektedir. Kian Petroleum, \u0130ran\u2019\u0131n Yezd Gaz Rafinerisi\u2019nden do\u011frudan tedarik yapman\u0131n yan\u0131 s\u0131ra, Enerji Borsas\u0131 ihracat halkas\u0131ndan al\u0131m ve \u00e7e\u015fitli gaz ve gaz \u00fcr\u00fcnlerinin \u00f6zel ta\u015f\u0131mac\u0131l\u0131\u011f\u0131 alanlar\u0131nda Orta Do\u011fu\u2019daki en aktif \u00f6zel \u015firketlerden biridir.<\/p><p style=\"text-align: justify;\">Kian Petroleum, uzman personelinden faydalanarak LPG ta\u015f\u0131mac\u0131l\u0131\u011f\u0131 alan\u0131nda planlama, da\u011f\u0131t\u0131m, programlama ve zamanlama gibi hizmetler sunmaktad\u0131r. Bu hizmetler, ta\u015f\u0131mac\u0131l\u0131k maliyetlerinin d\u00fc\u015f\u00fcr\u00fclmesine, s\u00fcrecin h\u0131zland\u0131r\u0131lmas\u0131na ve optimize edilmesine katk\u0131 sa\u011flar ve t\u00fcccarlar ile LPG al\u0131c\u0131lar\u0131na en iyi hizmeti sunar.<\/p><p style=\"text-align: justify;\"><strong>Hedefler:<\/strong><\/p><ul><li style=\"text-align: justify;\"><p>Petrol ve gaz sanayisinde istihdam yaratmak<\/p><\/li><li style=\"text-align: justify;\"><p>20 y\u0131ll\u0131k kalk\u0131nma vizyonu do\u011frultusunda \u00fclke ekonomisini canland\u0131rmak<\/p><\/li><li style=\"text-align: justify;\"><p>Anayasa\u2019n\u0131n 44. maddesi \u00e7er\u00e7evesinde ekonominin \u00f6zelle\u015ftirilmesini desteklemek<\/p><\/li><li style=\"text-align: justify;\"><p>LPG ihracat\u0131 i\u00e7in mini LNG rafinerileri yat\u0131r\u0131m\u0131 yapmak<\/p><\/li><li style=\"text-align: justify;\"><p>S\u0131n\u0131r terminallerinde LPG depolama ve bo\u015faltma \u00fcniteleri kurarak lojistik kapasiteyi art\u0131rmak<\/p><\/li><li style=\"text-align: justify;\"><p>Kian Petroleum\u2019da yetkin insan kayna\u011f\u0131n\u0131 yeti\u015ftirmek ve yerli kapasiteyi kullanarak d\u0131\u015fa ba\u011f\u0131ml\u0131l\u0131\u011f\u0131 azaltmak<\/p><\/li><li><p style=\"text-align: justify;\">Ta\u015f\u0131ma filosu i\u00e7in, \u00f6zellikle toplu ta\u015f\u0131mada kullan\u0131lacak LPG dolum istasyonlar\u0131 kurmak<\/p><\/li><\/ul>\t\t\t\t\t\t\t\t<\/div>\n\t\t\t\t<\/div>\n\t\t\t\t<\/div>\n\t\t\t\t\t<\/div>\n\t\t\t\t<\/div>\n\t\t<div class=\"elementor-element elementor-element-1f664a3 e-flex e-con-boxed e-con e-parent\" data-id=\"1f664a3\" data-element_type=\"container\" data-e-type=\"container\" data-settings=\"{&quot;background_background&quot;:&quot;classic&quot;}\">\n\t\t\t\t\t<div class=\"e-con-inner\">\n\t\t<div class=\"elementor-element elementor-element-c9c130c e-con-full e-flex e-con e-child\" data-id=\"c9c130c\" data-element_type=\"container\" data-e-type=\"container\">\n\t\t\t\t<div class=\"elementor-element elementor-element-2e52928 elementor-widget elementor-widget-heading\" data-id=\"2e52928\" data-element_type=\"widget\" data-e-type=\"widget\" data-widget_type=\"heading.default\">\n\t\t\t\t<div class=\"elementor-widget-container\">\n\t\t\t\t\t<h2 class=\"elementor-heading-title elementor-size-default\">Kian Petroleum Hizmetleri<\/h2>\t\t\t\t<\/div>\n\t\t\t\t<\/div>\n\t\t\t\t<\/div>\n\t\t\t\t\t<\/div>\n\t\t\t\t<\/div>\n\t\t<div class=\"elementor-element elementor-element-8aac024 e-flex e-con-boxed e-con e-parent\" data-id=\"8aac024\" data-element_type=\"container\" data-e-type=\"container\" data-settings=\"{&quot;background_background&quot;:&quot;classic&quot;}\">\n\t\t\t\t\t<div class=\"e-con-inner\">\n\t\t<div class=\"elementor-element elementor-element-e6dcfcb e-con-full e-flex e-con e-child\" data-id=\"e6dcfcb\" data-element_type=\"container\" data-e-type=\"container\">\n\t\t\t\t<div class=\"elementor-element elementor-element-657e33a elementor-view-framed elementor-shape-circle elementor-position-block-start elementor-mobile-position-block-start elementor-widget elementor-widget-icon-box\" data-id=\"657e33a\" data-element_type=\"widget\" data-e-type=\"widget\" data-widget_type=\"icon-box.default\">\n\t\t\t\t<div class=\"elementor-widget-container\">\n\t\t\t\t\t\t\t<div class=\"elementor-icon-box-wrapper\">\n\n\t\t\t\t\t\t<div class=\"elementor-icon-box-icon\">\n\t\t\t\t<span  class=\"elementor-icon\">\n\t\t\t\t<svg aria-hidden=\"true\" class=\"e-font-icon-svg e-fas-user-check\" viewBox=\"0 0 640 512\" xmlns=\"http:\/\/www.w3.org\/2000\/svg\"><path d=\"M224 256c70.7 0 128-57.3 128-128S294.7 0 224 0 96 57.3 96 128s57.3 128 128 128zm89.6 32h-16.7c-22.2 10.2-46.9 16-72.9 16s-50.6-5.8-72.9-16h-16.7C60.2 288 0 348.2 0 422.4V464c0 26.5 21.5 48 48 48h352c26.5 0 48-21.5 48-48v-41.6c0-74.2-60.2-134.4-134.4-134.4zm323-128.4l-27.8-28.1c-4.6-4.7-12.1-4.7-16.8-.1l-104.8 104-45.5-45.8c-4.6-4.7-12.1-4.7-16.8-.1l-28.1 27.9c-4.7 4.6-4.7 12.1-.1 16.8l81.7 82.3c4.6 4.7 12.1 4.7 16.8.1l141.3-140.2c4.6-4.7 4.7-12.2.1-16.8z\"><\/path><\/svg>\t\t\t\t<\/span>\n\t\t\t<\/div>\n\t\t\t\n\t\t\t\t\t\t<div class=\"elementor-icon-box-content\">\n\n\t\t\t\t\t\t\t\t\t<h3 class=\"elementor-icon-box-title\">\n\t\t\t\t\t\t<span  >\n\t\t\t\t\t\t\tGaz ve gaz \u00fcr\u00fcnleri i\u00e7in \u00f6zel lojistik hizmetleri\t\t\t\t\t\t<\/span>\n\t\t\t\t\t<\/h3>\n\t\t\t\t\n\t\t\t\t\t\t\t\t\t<p class=\"elementor-icon-box-description\">\n\t\t\t\t\t\tGazlar ve gaz \u00fcr\u00fcnlerinin ta\u015f\u0131nmas\u0131 i\u00e7in profesyonel lojistik hizmetleri sunulmas\u0131.\t\t\t\t\t<\/p>\n\t\t\t\t\n\t\t\t<\/div>\n\t\t\t\n\t\t<\/div>\n\t\t\t\t\t\t<\/div>\n\t\t\t\t<\/div>\n\t\t\t\t<\/div>\n\t\t<div class=\"elementor-element elementor-element-d3f588a e-con-full e-flex e-con e-child\" data-id=\"d3f588a\" data-element_type=\"container\" data-e-type=\"container\">\n\t\t\t\t<div class=\"elementor-element elementor-element-6e6c0fb elementor-view-framed elementor-shape-circle elementor-position-block-start elementor-mobile-position-block-start elementor-widget elementor-widget-icon-box\" data-id=\"6e6c0fb\" data-element_type=\"widget\" data-e-type=\"widget\" data-widget_type=\"icon-box.default\">\n\t\t\t\t<div class=\"elementor-widget-container\">\n\t\t\t\t\t\t\t<div class=\"elementor-icon-box-wrapper\">\n\n\t\t\t\t\t\t<div class=\"elementor-icon-box-icon\">\n\t\t\t\t<span  class=\"elementor-icon\">\n\t\t\t\t<svg aria-hidden=\"true\" class=\"e-font-icon-svg e-fas-vote-yea\" viewBox=\"0 0 640 512\" xmlns=\"http:\/\/www.w3.org\/2000\/svg\"><path d=\"M608 320h-64v64h22.4c5.3 0 9.6 3.6 9.6 8v16c0 4.4-4.3 8-9.6 8H73.6c-5.3 0-9.6-3.6-9.6-8v-16c0-4.4 4.3-8 9.6-8H96v-64H32c-17.7 0-32 14.3-32 32v96c0 17.7 14.3 32 32 32h576c17.7 0 32-14.3 32-32v-96c0-17.7-14.3-32-32-32zm-96 64V64.3c0-17.9-14.5-32.3-32.3-32.3H160.4C142.5 32 128 46.5 128 64.3V384h384zM211.2 202l25.5-25.3c4.2-4.2 11-4.2 15.2.1l41.3 41.6 95.2-94.4c4.2-4.2 11-4.2 15.2.1l25.3 25.5c4.2 4.2 4.2 11-.1 15.2L300.5 292c-4.2 4.2-11 4.2-15.2-.1l-74.1-74.7c-4.3-4.2-4.2-11 0-15.2z\"><\/path><\/svg>\t\t\t\t<\/span>\n\t\t\t<\/div>\n\t\t\t\n\t\t\t\t\t\t<div class=\"elementor-icon-box-content\">\n\n\t\t\t\t\t\t\t\t\t<h3 class=\"elementor-icon-box-title\">\n\t\t\t\t\t\t<span  >\n\t\t\t\t\t\t\t\u00d6zel rafinerilerden do\u011frudan tedarik.\t\t\t\t\t\t<\/span>\n\t\t\t\t\t<\/h3>\n\t\t\t\t\n\t\t\t\t\t\t\t\t\t<p class=\"elementor-icon-box-description\">\n\t\t\t\t\t\t\u0130ran\u2019daki \u00f6zel rafinerilerden \u00e7e\u015fitli gaz ve gaz \u00fcr\u00fcnlerinin do\u011frudan ve arac\u0131s\u0131z temini.\n\t\t\t\t\t<\/p>\n\t\t\t\t\n\t\t\t<\/div>\n\t\t\t\n\t\t<\/div>\n\t\t\t\t\t\t<\/div>\n\t\t\t\t<\/div>\n\t\t\t\t<\/div>\n\t\t<div class=\"elementor-element elementor-element-dfa444f e-con-full e-flex e-con e-child\" data-id=\"dfa444f\" data-element_type=\"container\" data-e-type=\"container\">\n\t\t\t\t<div class=\"elementor-element elementor-element-1e326ac elementor-view-framed elementor-shape-circle elementor-position-block-start elementor-mobile-position-block-start elementor-widget elementor-widget-icon-box\" data-id=\"1e326ac\" data-element_type=\"widget\" data-e-type=\"widget\" data-widget_type=\"icon-box.default\">\n\t\t\t\t<div class=\"elementor-widget-container\">\n\t\t\t\t\t\t\t<div class=\"elementor-icon-box-wrapper\">\n\n\t\t\t\t\t\t<div class=\"elementor-icon-box-icon\">\n\t\t\t\t<span  class=\"elementor-icon\">\n\t\t\t\t<svg aria-hidden=\"true\" class=\"e-font-icon-svg e-fab-react\" viewBox=\"0 0 512 512\" xmlns=\"http:\/\/www.w3.org\/2000\/svg\"><path d=\"M418.2 177.2c-5.4-1.8-10.8-3.5-16.2-5.1.9-3.7 1.7-7.4 2.5-11.1 12.3-59.6 4.2-107.5-23.1-123.3-26.3-15.1-69.2.6-112.6 38.4-4.3 3.7-8.5 7.6-12.5 11.5-2.7-2.6-5.5-5.2-8.3-7.7-45.5-40.4-91.1-57.4-118.4-41.5-26.2 15.2-34 60.3-23 116.7 1.1 5.6 2.3 11.1 3.7 16.7-6.4 1.8-12.7 3.8-18.6 5.9C38.3 196.2 0 225.4 0 255.6c0 31.2 40.8 62.5 96.3 81.5 4.5 1.5 9 3 13.6 4.3-1.5 6-2.8 11.9-4 18-10.5 55.5-2.3 99.5 23.9 114.6 27 15.6 72.4-.4 116.6-39.1 3.5-3.1 7-6.3 10.5-9.7 4.4 4.3 9 8.4 13.6 12.4 42.8 36.8 85.1 51.7 111.2 36.6 27-15.6 35.8-62.9 24.4-120.5-.9-4.4-1.9-8.9-3-13.5 3.2-.9 6.3-1.9 9.4-2.9 57.7-19.1 99.5-50 99.5-81.7 0-30.3-39.4-59.7-93.8-78.4zM282.9 92.3c37.2-32.4 71.9-45.1 87.7-36 16.9 9.7 23.4 48.9 12.8 100.4-.7 3.4-1.4 6.7-2.3 10-22.2-5-44.7-8.6-67.3-10.6-13-18.6-27.2-36.4-42.6-53.1 3.9-3.7 7.7-7.2 11.7-10.7zM167.2 307.5c5.1 8.7 10.3 17.4 15.8 25.9-15.6-1.7-31.1-4.2-46.4-7.5 4.4-14.4 9.9-29.3 16.3-44.5 4.6 8.8 9.3 17.5 14.3 26.1zm-30.3-120.3c14.4-3.2 29.7-5.8 45.6-7.8-5.3 8.3-10.5 16.8-15.4 25.4-4.9 8.5-9.7 17.2-14.2 26-6.3-14.9-11.6-29.5-16-43.6zm27.4 68.9c6.6-13.8 13.8-27.3 21.4-40.6s15.8-26.2 24.4-38.9c15-1.1 30.3-1.7 45.9-1.7s31 .6 45.9 1.7c8.5 12.6 16.6 25.5 24.3 38.7s14.9 26.7 21.7 40.4c-6.7 13.8-13.9 27.4-21.6 40.8-7.6 13.3-15.7 26.2-24.2 39-14.9 1.1-30.4 1.6-46.1 1.6s-30.9-.5-45.6-1.4c-8.7-12.7-16.9-25.7-24.6-39s-14.8-26.8-21.5-40.6zm180.6 51.2c5.1-8.8 9.9-17.7 14.6-26.7 6.4 14.5 12 29.2 16.9 44.3-15.5 3.5-31.2 6.2-47 8 5.4-8.4 10.5-17 15.5-25.6zm14.4-76.5c-4.7-8.8-9.5-17.6-14.5-26.2-4.9-8.5-10-16.9-15.3-25.2 16.1 2 31.5 4.7 45.9 8-4.6 14.8-10 29.2-16.1 43.4zM256.2 118.3c10.5 11.4 20.4 23.4 29.6 35.8-19.8-.9-39.7-.9-59.5 0 9.8-12.9 19.9-24.9 29.9-35.8zM140.2 57c16.8-9.8 54.1 4.2 93.4 39 2.5 2.2 5 4.6 7.6 7-15.5 16.7-29.8 34.5-42.9 53.1-22.6 2-45 5.5-67.2 10.4-1.3-5.1-2.4-10.3-3.5-15.5-9.4-48.4-3.2-84.9 12.6-94zm-24.5 263.6c-4.2-1.2-8.3-2.5-12.4-3.9-21.3-6.7-45.5-17.3-63-31.2-10.1-7-16.9-17.8-18.8-29.9 0-18.3 31.6-41.7 77.2-57.6 5.7-2 11.5-3.8 17.3-5.5 6.8 21.7 15 43 24.5 63.6-9.6 20.9-17.9 42.5-24.8 64.5zm116.6 98c-16.5 15.1-35.6 27.1-56.4 35.3-11.1 5.3-23.9 5.8-35.3 1.3-15.9-9.2-22.5-44.5-13.5-92 1.1-5.6 2.3-11.2 3.7-16.7 22.4 4.8 45 8.1 67.9 9.8 13.2 18.7 27.7 36.6 43.2 53.4-3.2 3.1-6.4 6.1-9.6 8.9zm24.5-24.3c-10.2-11-20.4-23.2-30.3-36.3 9.6.4 19.5.6 29.5.6 10.3 0 20.4-.2 30.4-.7-9.2 12.7-19.1 24.8-29.6 36.4zm130.7 30c-.9 12.2-6.9 23.6-16.5 31.3-15.9 9.2-49.8-2.8-86.4-34.2-4.2-3.6-8.4-7.5-12.7-11.5 15.3-16.9 29.4-34.8 42.2-53.6 22.9-1.9 45.7-5.4 68.2-10.5 1 4.1 1.9 8.2 2.7 12.2 4.9 21.6 5.7 44.1 2.5 66.3zm18.2-107.5c-2.8.9-5.6 1.8-8.5 2.6-7-21.8-15.6-43.1-25.5-63.8 9.6-20.4 17.7-41.4 24.5-62.9 5.2 1.5 10.2 3.1 15 4.7 46.6 16 79.3 39.8 79.3 58 0 19.6-34.9 44.9-84.8 61.4zm-149.7-15c25.3 0 45.8-20.5 45.8-45.8s-20.5-45.8-45.8-45.8c-25.3 0-45.8 20.5-45.8 45.8s20.5 45.8 45.8 45.8z\"><\/path><\/svg>\t\t\t\t<\/span>\n\t\t\t<\/div>\n\t\t\t\n\t\t\t\t\t\t<div class=\"elementor-icon-box-content\">\n\n\t\t\t\t\t\t\t\t\t<h3 class=\"elementor-icon-box-title\">\n\t\t\t\t\t\t<span  >\n\t\t\t\t\t\t\tPetrokimya tesislerinin geli\u015ftirilmesine ortakl\u0131k\t\t\t\t\t\t<\/span>\n\t\t\t\t\t<\/h3>\n\t\t\t\t\n\t\t\t\t\t\t\t\t\t<p class=\"elementor-icon-box-description\">\n\t\t\t\t\t\t\u0130ran\u2019da petrokimya tesislerinin in\u015fas\u0131 ve geli\u015ftirilmesine ortakl\u0131k.\n\t\t\t\t\t<\/p>\n\t\t\t\t\n\t\t\t<\/div>\n\t\t\t\n\t\t<\/div>\n\t\t\t\t\t\t<\/div>\n\t\t\t\t<\/div>\n\t\t\t\t<\/div>\n\t\t<div class=\"elementor-element elementor-element-b1e7497 e-con-full e-flex e-con e-child\" data-id=\"b1e7497\" data-element_type=\"container\" data-e-type=\"container\">\n\t\t\t\t<div class=\"elementor-element elementor-element-8f3b451 elementor-view-framed elementor-shape-circle elementor-position-block-start elementor-mobile-position-block-start elementor-widget elementor-widget-icon-box\" data-id=\"8f3b451\" data-element_type=\"widget\" data-e-type=\"widget\" data-widget_type=\"icon-box.default\">\n\t\t\t\t<div class=\"elementor-widget-container\">\n\t\t\t\t\t\t\t<div class=\"elementor-icon-box-wrapper\">\n\n\t\t\t\t\t\t<div class=\"elementor-icon-box-icon\">\n\t\t\t\t<span  class=\"elementor-icon\">\n\t\t\t\t<svg aria-hidden=\"true\" class=\"e-font-icon-svg e-fas-chart-line\" viewBox=\"0 0 512 512\" xmlns=\"http:\/\/www.w3.org\/2000\/svg\"><path d=\"M496 384H64V80c0-8.84-7.16-16-16-16H16C7.16 64 0 71.16 0 80v336c0 17.67 14.33 32 32 32h464c8.84 0 16-7.16 16-16v-32c0-8.84-7.16-16-16-16zM464 96H345.94c-21.38 0-32.09 25.85-16.97 40.97l32.4 32.4L288 242.75l-73.37-73.37c-12.5-12.5-32.76-12.5-45.25 0l-68.69 68.69c-6.25 6.25-6.25 16.38 0 22.63l22.62 22.62c6.25 6.25 16.38 6.25 22.63 0L192 237.25l73.37 73.37c12.5 12.5 32.76 12.5 45.25 0l96-96 32.4 32.4c15.12 15.12 40.97 4.41 40.97-16.97V112c.01-8.84-7.15-16-15.99-16z\"><\/path><\/svg>\t\t\t\t<\/span>\n\t\t\t<\/div>\n\t\t\t\n\t\t\t\t\t\t<div class=\"elementor-icon-box-content\">\n\n\t\t\t\t\t\t\t\t\t<h3 class=\"elementor-icon-box-title\">\n\t\t\t\t\t\t<span  >\n\t\t\t\t\t\t\t\u0130hracat i\u00e7in do\u011frudan sat\u0131n alma.\t\t\t\t\t\t<\/span>\n\t\t\t\t\t<\/h3>\n\t\t\t\t\n\t\t\t\t\t\t\t\t\t<p class=\"elementor-icon-box-description\">\n\t\t\t\t\t\tUluslararas\u0131 Borsa ve Enerji Piyasas\u0131\u2019ndan do\u011frudan ve arac\u0131s\u0131z olarak petrol, gaz ve petrokimya \u00fcr\u00fcnlerinin sat\u0131n al\u0131nmas\u0131, k\u00fcresel pazarlara ihracat amac\u0131yla\t\t\t\t\t<\/p>\n\t\t\t\t\n\t\t\t<\/div>\n\t\t\t\n\t\t<\/div>\n\t\t\t\t\t\t<\/div>\n\t\t\t\t<\/div>\n\t\t\t\t<\/div>\n\t\t<div class=\"elementor-element elementor-element-5b0ff08 e-con-full e-flex e-con e-child\" data-id=\"5b0ff08\" data-element_type=\"container\" data-e-type=\"container\">\n\t\t\t\t<div class=\"elementor-element elementor-element-8ae4c53 elementor-view-framed elementor-shape-circle elementor-position-block-start elementor-mobile-position-block-start elementor-widget elementor-widget-icon-box\" data-id=\"8ae4c53\" data-element_type=\"widget\" data-e-type=\"widget\" data-widget_type=\"icon-box.default\">\n\t\t\t\t<div class=\"elementor-widget-container\">\n\t\t\t\t\t\t\t<div class=\"elementor-icon-box-wrapper\">\n\n\t\t\t\t\t\t<div class=\"elementor-icon-box-icon\">\n\t\t\t\t<span  class=\"elementor-icon\">\n\t\t\t\t<svg aria-hidden=\"true\" class=\"e-font-icon-svg e-fas-headset\" viewBox=\"0 0 512 512\" xmlns=\"http:\/\/www.w3.org\/2000\/svg\"><path d=\"M192 208c0-17.67-14.33-32-32-32h-16c-35.35 0-64 28.65-64 64v48c0 35.35 28.65 64 64 64h16c17.67 0 32-14.33 32-32V208zm176 144c35.35 0 64-28.65 64-64v-48c0-35.35-28.65-64-64-64h-16c-17.67 0-32 14.33-32 32v112c0 17.67 14.33 32 32 32h16zM256 0C113.18 0 4.58 118.83 0 256v16c0 8.84 7.16 16 16 16h16c8.84 0 16-7.16 16-16v-16c0-114.69 93.31-208 208-208s208 93.31 208 208h-.12c.08 2.43.12 165.72.12 165.72 0 23.35-18.93 42.28-42.28 42.28H320c0-26.51-21.49-48-48-48h-32c-26.51 0-48 21.49-48 48s21.49 48 48 48h181.72c49.86 0 90.28-40.42 90.28-90.28V256C507.42 118.83 398.82 0 256 0z\"><\/path><\/svg>\t\t\t\t<\/span>\n\t\t\t<\/div>\n\t\t\t\n\t\t\t\t\t\t<div class=\"elementor-icon-box-content\">\n\n\t\t\t\t\t\t\t\t\t<h3 class=\"elementor-icon-box-title\">\n\t\t\t\t\t\t<span  >\n\t\t\t\t\t\t\tPiyasa ile ilgili uzman bilgilendirme hizmetleri.\t\t\t\t\t\t<\/span>\n\t\t\t\t\t<\/h3>\n\t\t\t\t\n\t\t\t\t\t\t\t\t\t<p class=\"elementor-icon-box-description\">\n\t\t\t\t\t\t\u0130ran ve d\u00fcnya piyasas\u0131 i\u00e7in petrokimya \u00fcr\u00fcnleriyle ilgili uzman bilgilendirme hizmetlerinin sunulmas\u0131; projeler, kullan\u0131m alanlar\u0131, arz ve di\u011fer konular\u0131 kapsar\t\t\t\t\t<\/p>\n\t\t\t\t\n\t\t\t<\/div>\n\t\t\t\n\t\t<\/div>\n\t\t\t\t\t\t<\/div>\n\t\t\t\t<\/div>\n\t\t\t\t<\/div>\n\t\t\t\t\t<\/div>\n\t\t\t\t<\/div>\n\t\t<div class=\"elementor-element elementor-element-6f7c571 e-flex e-con-boxed e-con e-parent\" data-id=\"6f7c571\" data-element_type=\"container\" data-e-type=\"container\" data-settings=\"{&quot;background_background&quot;:&quot;classic&quot;}\">\n\t\t\t\t\t<div class=\"e-con-inner\">\n\t\t<div class=\"elementor-element elementor-element-49cd2a7 e-con-full e-flex e-con e-child\" data-id=\"49cd2a7\" data-element_type=\"container\" data-e-type=\"container\" data-settings=\"{&quot;background_background&quot;:&quot;classic&quot;}\">\n\t\t\t\t<\/div>\n\t\t<div class=\"elementor-element elementor-element-33dbeb8 e-con-full e-flex e-con e-child\" data-id=\"33dbeb8\" data-element_type=\"container\" data-e-type=\"container\" data-settings=\"{&quot;background_background&quot;:&quot;classic&quot;}\">\n\t\t\t\t<\/div>\n\t\t\t\t\t<\/div>\n\t\t\t\t<\/div>\n\t\t\t\t<\/div>\n\t\t","protected":false},"excerpt":{"rendered":"<p>Kian Petroleum Hakk\u0131nda Kian Petroleum Hakk\u0131nda Kian Petroleum Petrol Hizmetleri \u015eirketi, \u0130ran\u2019\u0131n zengin gaz kaynaklar\u0131ndan ve \u00fclkemizin Asya ve Orta Do\u011fu\u2019daki stratejik konumundan yararlanarak, \u00f6zel sekt\u00f6r yat\u0131r\u0131m\u0131 ile 2018 y\u0131l\u0131nda kurulmu\u015ftur. \u015eirket, LPG (s\u0131v\u0131la\u015ft\u0131r\u0131lm\u0131\u015f petrol gaz\u0131) tedariki ve ihracat\u0131 alan\u0131nda, Ermenistan, Afganistan, Pakistan gibi kom\u015fu \u00fclkelere \u00f6zel ta\u015f\u0131mac\u0131l\u0131k filosu ile hizmet vermektedir. Ayr\u0131ca, \u0130ran\u2019\u0131n petrol [&hellip;]<\/p>\n","protected":false},"author":8,"featured_media":0,"parent":0,"menu_order":0,"comment_status":"closed","ping_status":"closed","template":"","meta":{"footnotes":""},"class_list":["post-21197","page","type-page","status-publish","hentry"],"_links":{"self":[{"href":"https:\/\/www.kianpetroleum.com\/tr\/wp-json\/wp\/v2\/pages\/21197","targetHints":{"allow":["GET"]}}],"collection":[{"href":"https:\/\/www.kianpetroleum.com\/tr\/wp-json\/wp\/v2\/pages"}],"about":[{"href":"https:\/\/www.kianpetroleum.com\/tr\/wp-json\/wp\/v2\/types\/page"}],"author":[{"embeddable":true,"href":"https:\/\/www.kianpetroleum.com\/tr\/wp-json\/wp\/v2\/users\/8"}],"replies":[{"embeddable":true,"href":"https:\/\/www.kianpetroleum.com\/tr\/wp-json\/wp\/v2\/comments?post=21197"}],"version-history":[{"count":16,"href":"https:\/\/www.kianpetroleum.com\/tr\/wp-json\/wp\/v2\/pages\/21197\/revisions"}],"predecessor-version":[{"id":21236,"href":"https:\/\/www.kianpetroleum.com\/tr\/wp-json\/wp\/v2\/pages\/21197\/revisions\/21236"}],"wp:attachment":[{"href":"https:\/\/www.kianpetroleum.com\/tr\/wp-json\/wp\/v2\/media?parent=21197"}],"curies":[{"name":"wp","href":"https:\/\/api.w.org\/{rel}","templated":true}]}}